{"id":4411,"date":"2025-06-04T12:39:30","date_gmt":"2025-06-04T12:39:30","guid":{"rendered":"https:\/\/3ways.com\/contatti-per-linformativa-sulla-privacy\/"},"modified":"2025-07-22T09:08:29","modified_gmt":"2025-07-22T09:08:29","slug":"contatti-per-linformativa-sulla-privacy","status":"publish","type":"page","link":"https:\/\/3ways.com\/it\/contatti-per-linformativa-sulla-privacy\/","title":{"rendered":"Contatti per l&#8217;informativa sulla privacy"},"content":{"rendered":"\t\t<div data-elementor-type=\"wp-page\" data-elementor-id=\"4411\" class=\"elementor elementor-4411 elementor-3633\" data-elementor-post-type=\"page\">\n\t\t\t\t<div class=\"elementor-element elementor-element-a8194c6 e-flex e-con-boxed e-con e-parent\" data-id=\"a8194c6\" data-element_type=\"container\" data-e-type=\"container\">\n\t\t\t\t\t<div class=\"e-con-inner\">\n\t\t\t\t<div class=\"elementor-element elementor-element-2b3e747 elementor-widget elementor-widget-text-editor\" data-id=\"2b3e747\" data-element_type=\"widget\" data-e-type=\"widget\" data-widget_type=\"text-editor.default\">\n\t\t\t\t<div class=\"elementor-widget-container\">\n\t\t\t\t\t\t\t\t\t<p>REGOLAMENTO GENERALE SULLA PROTEZIONE DEI DATI<\/p>\n<p>INFORMAZIONI INVIO SPONTANEO CURRICULUM&nbsp; E RICHIESTE DI CONTATTO<\/p>\n<p><strong>Informativa ai sensi del Regolamento 2016\/679\/UE \u201cRegolamento europeo in materia di protezione dei dati personali\u201d (articoli 13 e 14)<\/strong><\/p>\n<p>Ai sensi degli articoli 13 e 14 del Regolamento (UE) 679\/2016 in materia di protezione dei dati personali (GDPR) La informiamo che i dati personali da Lei forniti potranno essere oggetto di trattamento nel rispetto di quanto segue.<\/p>\n<p><strong>Titolare del Trattamento<\/strong><\/p>\n<p>Il Titolare del trattamento \u00e8 3ways S.r.l., con sede in Roma, via Firenze n.47\/a, P.IVA \/CF 12322621009.<\/p>\n<p><strong>Data Protection Officer<\/strong><\/p>\n<p>Il Data Protection Officer (DPO) \u00e8 il Responsabile della protezione dei dati personali ed \u00e8 designato dal Titolare per assolvere alle funzioni espressamente previste dal Regolamento europeo in materia di protezione dei dati personali. Il DPO \u00e8 reperibile al seguente indirizzo &nbsp;email:&nbsp;danivota@yahoo.it<\/p>\n<ol>\n<li><strong>Finalit\u00e0 e modalit\u00e0 del trattamento<\/strong><\/li>\n<\/ol>\n<p>Il trattamento a cui saranno sottoposti i dati personali da Lei volontariamente forniti (ivi incluso il ritratto contenuto nelle fotografie e\/o i video) saranno trattati dal Titolare del trattamento dei dati personali, esclusivamente per l\u2019attivit\u00e0 di ricerca e selezione del personale, per posizioni aperte attuali e future, per valutare l\u2019idoneit\u00e0 delle idee e\/o del progetto, con il supporto di mezzi cartacei, informatici o telematici, comunque idonei a garantire la sicurezza e la riservatezza del relativo trattamento.<\/p>\n<p>Le operazioni di trattamento saranno effettuate da Incaricati designati dal Titolare direttamente o per il tramite dei delegati e opereranno sotto la loro diretta autorit\u00e0 nel rispetto delle istruzioni ricevute. Il conferimento dei dati stessi \u00e8 facoltativo ed assolutamente volontario, cos\u00ec come la richiesta di contatto.I dati personali da Lei volontariamente inseriti, sia mediante la compilazione di maschere on-line di contatto, sia mediante l\u2019invio spontaneo del curriculum vitae, sul sito internet di 3ways srl &nbsp;in occasione della Sua richiesta di candidatura, saranno conservati in un cloud per gli scopi sopra indicati; l\u2019accesso al cloud sar\u00e0 consentito soltanto al personale incaricato del trattamento.<\/p>\n<p>I dati personali dei candidati che vengono selezionati potranno, altres\u00ec, essere registrati in una banca dati elettronica di 3 ways&nbsp;e\/o utilizzati per la partecipazione ad eventi di virtual recruiting attraverso piattaforme di videoconferenza (ad es. Zoom, Microsoft Teams, ecc.).&nbsp;Il trattamento dei Suoi dati personali sar\u00e0 effettuato in modo da garantire un\u2019adeguata sicurezza e riservatezza e da impedire l\u2019accesso o l\u2019utilizzo non autorizzato dei dati personali. Pertanto, i Suoi dati personali saranno trattati e conservati nel pieno rispetto dei principi di necessit\u00e0, minimizzazione dei dati e limitazione del periodo di conservazione, mediante l\u2019adozione di misure tecniche ed organizzative adeguate al livello di rischio dei trattamenti e per un arco di tempo non superiore al conseguimento delle finalit\u00e0 per le quali sono trattati, comunque per il periodo previsto dalla legge.<\/p>\n<p>Non esistono trattamenti automatizzati n\u00e9 profilazione.<\/p>\n<p>In qualsiasi momento Lei potr\u00e0 aggiornare i Suoi dati inviando altro cv che annulla e sostituisce il precedente.<\/p>\n<ol start=\"2\">\n<li><strong>Base Giuridica del trattamento<\/strong><\/li>\n<\/ol>\n<p>Il trattamento dei Suoi dati \u00e8 lecito, senza il Suo consenso formalmente espresso, sulla base dell\u2019articolo 6 comma 1, lettera f) del GDPR: legittimo interesse del Titolare del trattamento nella selezione del personale e nel rispondere a richieste di contatto.<\/p>\n<ol start=\"3\">\n<li><strong>Trattamento di categorie particolari di dati personali<\/strong><\/li>\n<\/ol>\n<p>Le chiediamo di indicare nel suo curriculum solo i dati necessari a valutare la Sua candidatura, astenendosi dall\u2019inserire dati personali relativi alla salute o, in generale, di altri dati appartenenti alle c.d. \u201ccategorie particolari\u201d, quali, ad esempio, i dati che rivelino le Sue convinzioni religiose, opinioni politiche, ecc.,&nbsp; Nel form Let\u2019s talk sono indicati i dati personali &nbsp;comuni per poterLa ricontattare<\/p>\n<ol start=\"4\">\n<li><strong>Comunicazione e soggetti che possono venire a conoscenza dei dati personali<\/strong><\/li>\n<\/ol>\n<p>I dati personali da Lei forniti potranno essere destinati a:<\/p>\n<ul>\n<li>soggetti autorizzati al trattamento;<\/li>\n<li>responsabili del trattamento designati dal titolare del trattamento.<\/li>\n<\/ul>\n<p>Gli eventuali Responsabili del trattamento designati saranno vincolati alla riservatezza e sicurezza dei dati attraverso un contratto, e l\u2019elenco aggiornato dei Responsabili al Trattamento potr\u00e0 sempre essere richiesto al Titolare del Trattamento.<\/p>\n<p>Inoltre, per le finalit\u00e0 di cui al punto 1) i Suoi dati potranno essere comunicati alle&nbsp; eventuali Societ\u00e0 Partners , le quali opereranno in qualit\u00e0 di Responsabili del trattamento ai sensi dell\u2019art. 28 del GDPR.<\/p>\n<p>Inoltre, ai soli fini di manutenzione del presente sito web e della banca dati contenente i curricula ricevuti, il Titolare potr\u00e0 servirsi di soggetti terzi che in tal modo potranno aver accesso ai Suoi dati. In ogni caso, tali soggetti saranno designati Responsabili del trattamento e riceveranno adeguate istruzioni operative, con particolare riferimento all\u2019adozione delle misure di sicurezza.<\/p>\n<ol start=\"5\">\n<li><strong>Trasferimento dati a Paesi terzi<\/strong><\/li>\n<\/ol>\n<p>Il trattamento dei dati avverr\u00e0 esclusivamente all\u2019interno dell\u2019Unione Europea, e i dati non saranno trasferiti ad organizzazioni internazionali.<\/p>\n<ol start=\"6\">\n<li><strong>Tempi di conservazione dei dati<\/strong><\/li>\n<\/ol>\n<p>I dati forniti verranno conservati per il tempo necessario alla valutazione della candidatura e gestione del processo di selezione del personale: 6 mesi, alla fine dei quali saranno distrutti. I dati contenuti nel form Let\u2019s talk saranno conservati esclusivamente per ricontattare l\u2019interessato e, in assenza di prosieguo commerciale, distrutti.<\/p>\n<ol start=\"7\">\n<li><strong>Diritti dell\u2019Interessato<\/strong><\/li>\n<\/ol>\n<p>Lei ha il diritto di ottenere da 3ways. l\u2019accesso alle seguenti informazioni: le finalit\u00e0 del trattamento, le categorie di dati personali, i destinatari o le categorie di destinatari a cui i dati personali sono stati o saranno comunicati (compresi destinatari di paesi terzi o organizzazioni internazionali), il periodo di conservazione dei dati personali previsto oppure, se non \u00e8 possibile, i criteri utilizzati per determinare tale periodo, l\u2019origine dei dati personali, l\u2019esistenza di un processo di profilazione e informazioni sulla logica utilizzata.<\/p>\n<p>Inoltre, ha il diritto di:<\/p>\n<ul>\n<li>ottenere la rettifica dei dati personali inesatti;<\/li>\n<li>ottenere l\u2019integrazione dei dati personali incompleti;<\/li>\n<li>ottenere la limitazione del trattamento dei dati personali (in tal caso, i dati sono trattati soltanto con il Suo consenso, salvo che per la necessaria conservazione degli stessi);<\/li>\n<li>opporsi al loro trattamento;<\/li>\n<li>ottenere la cancellazione (\u00abdiritto all\u2019oblio\u00bb).<\/li>\n<\/ul>\n<p>Per esercitare i Suoi diritti, pu\u00f2 contattare 3ways e-mail: <a href=\"mailto:info@3ways.it\">info@3ways.it<\/a><\/p>\n<p>Recapito telefonico: +39 064533611<\/p>\n<ol start=\"8\">\n<li><strong>Diritto di Reclamo<\/strong><\/li>\n<\/ol>\n<p>Qualora ritenesse che i trattamenti effettuati da 3ways possano aver violato le norme del Regolamento europeo in materia di protezione dei dati personali, ha diritto di proporre reclamo all\u2019Autorit\u00e0 Garante per la protezione dei dati personali ai sensi dell\u2019art. 77 del Regolamento 2016\/679\/UE.<\/p>\t\t\t\t\t\t\t\t<\/div>\n\t\t\t\t<\/div>\n\t\t\t\t\t<\/div>\n\t\t\t\t<\/div>\n\t\t\t\t<\/div>\n\t\t","protected":false},"excerpt":{"rendered":"<p>REGOLAMENTO GENERALE SULLA PROTEZIONE DEI DATI INFORMAZIONI INVIO SPONTANEO CURRICULUM&nbsp; E RICHIESTE DI CONTATTO Informativa ai sensi del Regolamento 2016\/679\/UE \u201cRegolamento europeo in materia di protezione dei dati personali\u201d (articoli 13 e 14) Ai sensi degli articoli 13 e 14 del Regolamento (UE) 679\/2016 in materia di protezione dei dati personali (GDPR) La informiamo che [&hellip;]<\/p>\n","protected":false},"author":1,"featured_media":0,"parent":0,"menu_order":0,"comment_status":"closed","ping_status":"closed","template":"","meta":{"_uag_custom_page_level_css":"","site-sidebar-layout":"no-sidebar","site-content-layout":"","ast-site-content-layout":"full-width-container","site-content-style":"default","site-sidebar-style":"default","ast-global-header-display":"","ast-banner-title-visibility":"","ast-main-header-display":"","ast-hfb-above-header-display":"","ast-hfb-below-header-display":"","ast-hfb-mobile-header-display":"","site-post-title":"disabled","ast-breadcrumbs-content":"","ast-featured-img":"disabled","footer-sml-layout":"","ast-disable-related-posts":"","theme-transparent-header-meta":"","adv-header-id-meta":"","stick-header-meta":"","header-above-stick-meta":"","header-main-stick-meta":"","header-below-stick-meta":"","astra-migrate-meta-layouts":"default","ast-page-background-enabled":"default","ast-page-background-meta":{"desktop":{"background-color":"var(--ast-global-color-4)","background-image":"","background-repeat":"repeat","background-position":"center center","background-size":"auto","background-attachment":"scroll","background-type":"","background-media":"","overlay-type":"","overlay-color":"","overlay-opacity":"","overlay-gradient":""},"tablet":{"background-color":"","background-image":"","background-repeat":"repeat","background-position":"center center","background-size":"auto","background-attachment":"scroll","background-type":"","background-media":"","overlay-type":"","overlay-color":"","overlay-opacity":"","overlay-gradient":""},"mobile":{"background-color":"","background-image":"","background-repeat":"repeat","background-position":"center center","background-size":"auto","background-attachment":"scroll","background-type":"","background-media":"","overlay-type":"","overlay-color":"","overlay-opacity":"","overlay-gradient":""}},"ast-content-background-meta":{"desktop":{"background-color":"var(--ast-global-color-5)","background-image":"","background-repeat":"repeat","background-position":"center center","background-size":"auto","background-attachment":"scroll","background-type":"","background-media":"","overlay-type":"","overlay-color":"","overlay-opacity":"","overlay-gradient":""},"tablet":{"background-color":"var(--ast-global-color-5)","background-image":"","background-repeat":"repeat","background-position":"center center","background-size":"auto","background-attachment":"scroll","background-type":"","background-media":"","overlay-type":"","overlay-color":"","overlay-opacity":"","overlay-gradient":""},"mobile":{"background-color":"var(--ast-global-color-5)","background-image":"","background-repeat":"repeat","background-position":"center center","background-size":"auto","background-attachment":"scroll","background-type":"","background-media":"","overlay-type":"","overlay-color":"","overlay-opacity":"","overlay-gradient":""}},"footnotes":""},"class_list":["post-4411","page","type-page","status-publish","hentry"],"yoast_head":"<!-- This site is optimized with the Yoast SEO plugin v27.3 - https:\/\/yoast.com\/product\/yoast-seo-wordpress\/ -->\n<title>Contatti per l&#039;informativa sulla privacy - 3Ways<\/title>\n<meta name=\"robots\" content=\"index, follow, max-snippet:-1, max-image-preview:large, max-video-preview:-1\" \/>\n<link rel=\"canonical\" href=\"https:\/\/3ways.com\/it\/contatti-per-linformativa-sulla-privacy\/\" \/>\n<meta property=\"og:locale\" content=\"it_IT\" \/>\n<meta property=\"og:type\" content=\"article\" \/>\n<meta property=\"og:title\" content=\"Contatti per l&#039;informativa sulla privacy - 3Ways\" \/>\n<meta property=\"og:description\" content=\"REGOLAMENTO GENERALE SULLA PROTEZIONE DEI DATI INFORMAZIONI INVIO SPONTANEO CURRICULUM&nbsp; E RICHIESTE DI CONTATTO Informativa ai sensi del Regolamento 2016\/679\/UE \u201cRegolamento europeo in materia di protezione dei dati personali\u201d (articoli 13 e 14) Ai sensi degli articoli 13 e 14 del Regolamento (UE) 679\/2016 in materia di protezione dei dati personali (GDPR) La informiamo che [&hellip;]\" \/>\n<meta property=\"og:url\" content=\"https:\/\/3ways.com\/it\/contatti-per-linformativa-sulla-privacy\/\" \/>\n<meta property=\"og:site_name\" content=\"3Ways\" \/>\n<meta property=\"article:modified_time\" content=\"2025-07-22T09:08:29+00:00\" \/>\n<meta name=\"twitter:card\" content=\"summary_large_image\" \/>\n<meta name=\"twitter:label1\" content=\"Tempo di lettura stimato\" \/>\n\t<meta name=\"twitter:data1\" content=\"6 minuti\" \/>\n<script type=\"application\/ld+json\" class=\"yoast-schema-graph\">{\"@context\":\"https:\\\/\\\/schema.org\",\"@graph\":[{\"@type\":\"WebPage\",\"@id\":\"https:\\\/\\\/3ways.com\\\/it\\\/contatti-per-linformativa-sulla-privacy\\\/\",\"url\":\"https:\\\/\\\/3ways.com\\\/it\\\/contatti-per-linformativa-sulla-privacy\\\/\",\"name\":\"Contatti per l'informativa sulla privacy - 3Ways\",\"isPartOf\":{\"@id\":\"https:\\\/\\\/3ways.com\\\/#website\"},\"datePublished\":\"2025-06-04T12:39:30+00:00\",\"dateModified\":\"2025-07-22T09:08:29+00:00\",\"breadcrumb\":{\"@id\":\"https:\\\/\\\/3ways.com\\\/it\\\/contatti-per-linformativa-sulla-privacy\\\/#breadcrumb\"},\"inLanguage\":\"it-IT\",\"potentialAction\":[{\"@type\":\"ReadAction\",\"target\":[\"https:\\\/\\\/3ways.com\\\/it\\\/contatti-per-linformativa-sulla-privacy\\\/\"]}]},{\"@type\":\"BreadcrumbList\",\"@id\":\"https:\\\/\\\/3ways.com\\\/it\\\/contatti-per-linformativa-sulla-privacy\\\/#breadcrumb\",\"itemListElement\":[{\"@type\":\"ListItem\",\"position\":1,\"name\":\"Home\",\"item\":\"https:\\\/\\\/3ways.com\\\/it\\\/\"},{\"@type\":\"ListItem\",\"position\":2,\"name\":\"Contatti per l&#8217;informativa sulla privacy\"}]},{\"@type\":\"WebSite\",\"@id\":\"https:\\\/\\\/3ways.com\\\/#website\",\"url\":\"https:\\\/\\\/3ways.com\\\/\",\"name\":\"3Ways\",\"description\":\"\",\"publisher\":{\"@id\":\"https:\\\/\\\/3ways.com\\\/#organization\"},\"potentialAction\":[{\"@type\":\"SearchAction\",\"target\":{\"@type\":\"EntryPoint\",\"urlTemplate\":\"https:\\\/\\\/3ways.com\\\/?s={search_term_string}\"},\"query-input\":{\"@type\":\"PropertyValueSpecification\",\"valueRequired\":true,\"valueName\":\"search_term_string\"}}],\"inLanguage\":\"it-IT\"},{\"@type\":\"Organization\",\"@id\":\"https:\\\/\\\/3ways.com\\\/#organization\",\"name\":\"3Ways\",\"url\":\"https:\\\/\\\/3ways.com\\\/\",\"logo\":{\"@type\":\"ImageObject\",\"inLanguage\":\"it-IT\",\"@id\":\"https:\\\/\\\/3ways.com\\\/#\\\/schema\\\/logo\\\/image\\\/\",\"url\":\"https:\\\/\\\/3ways.com\\\/wp-content\\\/uploads\\\/2025\\\/05\\\/Logo-3ways.png\",\"contentUrl\":\"https:\\\/\\\/3ways.com\\\/wp-content\\\/uploads\\\/2025\\\/05\\\/Logo-3ways.png\",\"width\":584,\"height\":213,\"caption\":\"3Ways\"},\"image\":{\"@id\":\"https:\\\/\\\/3ways.com\\\/#\\\/schema\\\/logo\\\/image\\\/\"},\"sameAs\":[\"https:\\\/\\\/www.linkedin.com\\\/company\\\/3ways\\\/\"]}]}<\/script>\n<!-- \/ Yoast SEO plugin. -->","yoast_head_json":{"title":"Contatti per l'informativa sulla privacy - 3Ways","robots":{"index":"index","follow":"follow","max-snippet":"max-snippet:-1","max-image-preview":"max-image-preview:large","max-video-preview":"max-video-preview:-1"},"canonical":"https:\/\/3ways.com\/it\/contatti-per-linformativa-sulla-privacy\/","og_locale":"it_IT","og_type":"article","og_title":"Contatti per l'informativa sulla privacy - 3Ways","og_description":"REGOLAMENTO GENERALE SULLA PROTEZIONE DEI DATI INFORMAZIONI INVIO SPONTANEO CURRICULUM&nbsp; E RICHIESTE DI CONTATTO Informativa ai sensi del Regolamento 2016\/679\/UE \u201cRegolamento europeo in materia di protezione dei dati personali\u201d (articoli 13 e 14) Ai sensi degli articoli 13 e 14 del Regolamento (UE) 679\/2016 in materia di protezione dei dati personali (GDPR) La informiamo che [&hellip;]","og_url":"https:\/\/3ways.com\/it\/contatti-per-linformativa-sulla-privacy\/","og_site_name":"3Ways","article_modified_time":"2025-07-22T09:08:29+00:00","twitter_card":"summary_large_image","twitter_misc":{"Tempo di lettura stimato":"6 minuti"},"schema":{"@context":"https:\/\/schema.org","@graph":[{"@type":"WebPage","@id":"https:\/\/3ways.com\/it\/contatti-per-linformativa-sulla-privacy\/","url":"https:\/\/3ways.com\/it\/contatti-per-linformativa-sulla-privacy\/","name":"Contatti per l'informativa sulla privacy - 3Ways","isPartOf":{"@id":"https:\/\/3ways.com\/#website"},"datePublished":"2025-06-04T12:39:30+00:00","dateModified":"2025-07-22T09:08:29+00:00","breadcrumb":{"@id":"https:\/\/3ways.com\/it\/contatti-per-linformativa-sulla-privacy\/#breadcrumb"},"inLanguage":"it-IT","potentialAction":[{"@type":"ReadAction","target":["https:\/\/3ways.com\/it\/contatti-per-linformativa-sulla-privacy\/"]}]},{"@type":"BreadcrumbList","@id":"https:\/\/3ways.com\/it\/contatti-per-linformativa-sulla-privacy\/#breadcrumb","itemListElement":[{"@type":"ListItem","position":1,"name":"Home","item":"https:\/\/3ways.com\/it\/"},{"@type":"ListItem","position":2,"name":"Contatti per l&#8217;informativa sulla privacy"}]},{"@type":"WebSite","@id":"https:\/\/3ways.com\/#website","url":"https:\/\/3ways.com\/","name":"3Ways","description":"","publisher":{"@id":"https:\/\/3ways.com\/#organization"},"potentialAction":[{"@type":"SearchAction","target":{"@type":"EntryPoint","urlTemplate":"https:\/\/3ways.com\/?s={search_term_string}"},"query-input":{"@type":"PropertyValueSpecification","valueRequired":true,"valueName":"search_term_string"}}],"inLanguage":"it-IT"},{"@type":"Organization","@id":"https:\/\/3ways.com\/#organization","name":"3Ways","url":"https:\/\/3ways.com\/","logo":{"@type":"ImageObject","inLanguage":"it-IT","@id":"https:\/\/3ways.com\/#\/schema\/logo\/image\/","url":"https:\/\/3ways.com\/wp-content\/uploads\/2025\/05\/Logo-3ways.png","contentUrl":"https:\/\/3ways.com\/wp-content\/uploads\/2025\/05\/Logo-3ways.png","width":584,"height":213,"caption":"3Ways"},"image":{"@id":"https:\/\/3ways.com\/#\/schema\/logo\/image\/"},"sameAs":["https:\/\/www.linkedin.com\/company\/3ways\/"]}]}},"uagb_featured_image_src":{"full":false,"thumbnail":false,"medium":false,"medium_large":false,"large":false,"1536x1536":false,"2048x2048":false},"uagb_author_info":{"display_name":"admin","author_link":"https:\/\/3ways.com\/it\/author\/jungleteamsrl_5o1jrntu\/"},"uagb_comment_info":0,"uagb_excerpt":"REGOLAMENTO GENERALE SULLA PROTEZIONE DEI DATI INFORMAZIONI INVIO SPONTANEO CURRICULUM&nbsp; E RICHIESTE DI CONTATTO Informativa ai sensi del Regolamento 2016\/679\/UE \u201cRegolamento europeo in materia di protezione dei dati personali\u201d (articoli 13 e 14) Ai sensi degli articoli 13 e 14 del Regolamento (UE) 679\/2016 in materia di protezione dei dati personali (GDPR) La informiamo che&hellip;","_links":{"self":[{"href":"https:\/\/3ways.com\/it\/wp-json\/wp\/v2\/pages\/4411","targetHints":{"allow":["GET"]}}],"collection":[{"href":"https:\/\/3ways.com\/it\/wp-json\/wp\/v2\/pages"}],"about":[{"href":"https:\/\/3ways.com\/it\/wp-json\/wp\/v2\/types\/page"}],"author":[{"embeddable":true,"href":"https:\/\/3ways.com\/it\/wp-json\/wp\/v2\/users\/1"}],"replies":[{"embeddable":true,"href":"https:\/\/3ways.com\/it\/wp-json\/wp\/v2\/comments?post=4411"}],"version-history":[{"count":13,"href":"https:\/\/3ways.com\/it\/wp-json\/wp\/v2\/pages\/4411\/revisions"}],"predecessor-version":[{"id":4581,"href":"https:\/\/3ways.com\/it\/wp-json\/wp\/v2\/pages\/4411\/revisions\/4581"}],"wp:attachment":[{"href":"https:\/\/3ways.com\/it\/wp-json\/wp\/v2\/media?parent=4411"}],"curies":[{"name":"wp","href":"https:\/\/api.w.org\/{rel}","templated":true}]}}