{"id":4406,"date":"2025-06-04T13:15:26","date_gmt":"2025-06-04T13:15:26","guid":{"rendered":"https:\/\/3ways.com\/informativa-sui-cookie\/"},"modified":"2025-07-18T14:26:36","modified_gmt":"2025-07-18T14:26:36","slug":"informativa-sui-cookie","status":"publish","type":"page","link":"https:\/\/3ways.com\/it\/informativa-sui-cookie\/","title":{"rendered":"Informativa sui cookie"},"content":{"rendered":"\t\t<div data-elementor-type=\"wp-page\" data-elementor-id=\"4406\" class=\"elementor elementor-4406 elementor-3661\" data-elementor-post-type=\"page\">\n\t\t\t\t<main class=\"elementor-element elementor-element-4d1dee4 e-flex e-con-boxed e-con e-parent\" data-id=\"4d1dee4\" data-element_type=\"container\" data-e-type=\"container\">\n\t\t\t\t\t<div class=\"e-con-inner\">\n\t\t\t\t<div class=\"elementor-element elementor-element-8a70237 elementor-widget elementor-widget-text-editor\" data-id=\"8a70237\" data-element_type=\"widget\" data-e-type=\"widget\" data-widget_type=\"text-editor.default\">\n\t\t\t\t<div class=\"elementor-widget-container\">\n\t\t\t\t\t\t\t\t\t<p><strong>Informativa estesa sull&#8217;uso dei cookie<\/strong><\/p><p>Il presente sito web utilizza cookie tecnici per garantire il corretto funzionamento delle procedure e migliorare l&#8217;esperienza di uso delle applicazioni online. Il presente documento fornisce informazioni sull&#8217;uso dei cookie e di tecnologie similari, su come sono utilizzati dal sito e su come gestirli.<\/p><p><strong>Definizioni<\/strong><br \/>I cookie sono piccoli file di testo che i siti visitati dagli utenti inviano ai loro terminali, ove vengono memorizzati per essere poi ritrasmessi agli stessi siti alla visita successiva. I cookie delle c.d. &#8220;terze parti&#8221; vengono, invece, impostati da un sito web diverso da quello che l&#8217;utente sta visitando. Questo perch\u00e9 su ogni sito possono essere presenti elementi (immagini, mappe, suoni, specifici link a pagine web di altri domini, ecc.) che risiedono su server diversi da quello del sito visitato.<\/p><p><strong>Tipologie di cookie<br \/><\/strong>In base alle caratteristiche e all&#8217;utilizzo dei cookie si possono distinguere diverse categorie:<\/p><ul><li>Cookie tecnici. I cookie tecnici sono quelli utilizzati al solo fine di &#8220;effettuare la trasmissione di una comunicazione su una rete di comunicazione elettronica, o nella misura strettamente necessaria al fornitore di un servizio della societ\u00e0 dell&#8217;informazione esplicitamente richiesto dall&#8217;abbonato o dall&#8217;utente a erogare tale servizio&#8221; (cfr. art. 122, comma 1, del Codice).Essi non vengono utilizzati per scopi ulteriori e sono normalmente installati direttamente dal titolare o gestore del sito web. Possono essere suddivisi in cookie di navigazione o di sessione, che garantiscono la normale navigazione e fruizione del sito web; cookie analytics, assimilati ai cookie tecnici laddove utilizzati direttamente dal gestore del sito per raccogliere informazioni, in forma aggregata, sul numero degli utenti e su come questi visitano il sito stesso; cookie di funzionalit\u00e0, che permettono all&#8217;utente la navigazione in funzione di una serie di criteri selezionati al fine di migliorare il servizio reso allo stesso. Per l&#8217;installazione di tali cookie non \u00e8 richiesto il preventivo consenso degli utenti, mentre resta fermo l&#8217;obbligo di dare l&#8217;informativa ai sensi dell&#8217;art. 13 del Codice, che il gestore del sito, qualora utilizzi soltanto tali dispositivi, potr\u00e0 fornire con le modalit\u00e0 che ritiene pi\u00f9 idonee.<p>\u2022 Cookie di profilazione. I cookie di profilazione sono volti a creare profili relativi all&#8217;utente e vengono utilizzati al fine di inviare messaggi pubblicitari in linea con le preferenze manifestate dallo stesso nell&#8217;ambito della navigazione in rete. In ragione della particolare invasivit\u00e0 che tali dispositivi possono avere nell&#8217;ambito della sfera privata degli utenti, la normativa europea e italiana prevede che l&#8217;utente debba essere adeguatamente informato sull&#8217;uso degli stessi ed esprimere cos\u00ec il proprio valido consenso. Ad essi si riferisce l&#8217;art. 122 del Codice laddove prevede che &#8220;l&#8217;archiviazione delle informazioni nell&#8217;apparecchio terminale di un contraente o di un utente o l&#8217;accesso a informazioni gi\u00e0 archiviate sono consentiti unicamente a condizione che il contraente o l&#8217;utente abbia espresso il proprio consenso dopo essere stato informato con le modalit\u00e0 semplificate di cui all&#8217;articolo 13, comma 3&#8221; (art. 122, comma 1, del Codice). Il presente sito non utilizza cookie di profilazione.<\/p><\/li><\/ul><p><strong>Cookie analytics<\/strong><\/p><p><strong>WebTrends<\/strong>.<br \/>Al solo fine di monitorare e migliorare le prestazioni del sito ci si avvale di un prodotto di mercato di analisi statistica per la rilevazione degli accessi al sito. Esso pu\u00f2 ricorrere all&#8217;utilizzo di cookies, permanenti e non, allo scopo di raccogliere informazioni statistiche e sui &#8220;visitatori unici&#8221; del sito. I cookies, definiti come &#8220;Unique Visitor Cookies&#8221;, contengono un codice alfanumerico che identifica i computer di navigazione, senza tuttavia alcuna raccolta di dati personali.<\/p><p><strong>Durata dei cookie<\/strong><br \/>Alcuni cookie (cookie di sessione) restano attivi solo fino alla chiusura del browser o all&#8217;esecuzione dell\u2019eventuale comando di logout. Altri cookie \u201csopravvivono\u201d alla chiusura del browser e sono disponibili anche in successive visite dell&#8217;utente. Questi cookie sono detti persistenti e la loro durata \u00e8 fissata dal server al momento della loro creazione. In alcuni casi \u00e8 fissata una scadenza, in altri casi la durata \u00e8 illimitata.<\/p><p><strong>Gestione dei cookie<\/strong><br \/>L&#8217;utente pu\u00f2 decidere se accettare o meno i cookie utilizzando le impostazioni del proprio browser.<br \/><strong>Attenzione<\/strong>: con la disabilitazione totale o parziale dei cookie tecnici potrebbe compromettere l&#8217;utilizzo ottimale del sito.<br \/>La disabilitazione dei cookie \u201cterze parti\u201d non pregiudica in alcun modo la navigabilit\u00e0.<br \/>L&#8217;impostazione pu\u00f2 essere definita in modo specifico per i diversi siti e applicazioni web. Inoltre i browser consentono di definire impostazioni diverse per i cookie \u201cproprietari\u201d e per quelli di \u201cterze parti\u201d.<\/p><p>A titolo di esempio, in Firefox, attraverso il menu Strumenti-&gt;Opzioni-&gt;Privacy, \u00e8 possibile accedere ad un pannello di controllo dove \u00e8 possibile definire se accettare o meno i diversi tipi di cookie e procedere alla loro rimozione. In internet \u00e8 facilmente reperibile la documentazione su come impostare le regole di gestione dei cookies per il proprio browser, a titolo di esempio si riportano alcuni indirizzi relativi ai principali browser:<\/p><p>Chrome:\u00a0<a href=\"https:\/\/support.google.com\/chrome\/answer\/95647?hl=it\">https:\/\/support.google.com\/chrome\/answer\/95647?hl=it<\/a><br \/>Firefox:\u00a0<a href=\"https:\/\/support.mozilla.org\/it\/kb\/Gestione%20dei%20cookie\">https:\/\/support.mozilla.org\/it\/kb\/Gestione%20dei%20cookie<\/a><br \/>Internet Explorer:\u00a0<a href=\"http:\/\/windows.microsoft.com\/it-it\/windows7\/how-to-manage-cookies-in-internet-explorer-9\">http:\/\/windows.microsoft.com\/it-it\/windows7\/how-to-manage-cookies-in-internet-explorer-9<\/a><br \/>Opera:\u00a0<a href=\"http:\/\/help.opera.com\/Windows\/10.00\/it\/cookies.html\">http:\/\/help.opera.com\/Windows\/10.00\/it\/cookies.html<\/a><br \/>Safari:\u00a0<a href=\"http:\/\/support.apple.com\/kb\/HT1677?viewlocale=it_IT\">http:\/\/support.apple.com\/kb\/HT1677?viewlocale=it_IT<\/a><\/p>\t\t\t\t\t\t\t\t<\/div>\n\t\t\t\t<\/div>\n\t\t\t\t\t<\/div>\n\t\t\t\t<\/main>\n\t\t\t\t<\/div>\n\t\t","protected":false},"excerpt":{"rendered":"<p>Informativa estesa sull&#8217;uso dei cookie Il presente sito web utilizza cookie tecnici per garantire il corretto funzionamento delle procedure e migliorare l&#8217;esperienza di uso delle applicazioni online. Il presente documento fornisce informazioni sull&#8217;uso dei cookie e di tecnologie similari, su come sono utilizzati dal sito e su come gestirli. DefinizioniI cookie sono piccoli file di [&hellip;]<\/p>\n","protected":false},"author":1,"featured_media":0,"parent":0,"menu_order":0,"comment_status":"closed","ping_status":"closed","template":"","meta":{"_uag_custom_page_level_css":"","site-sidebar-layout":"no-sidebar","site-content-layout":"","ast-site-content-layout":"full-width-container","site-content-style":"default","site-sidebar-style":"default","ast-global-header-display":"","ast-banner-title-visibility":"","ast-main-header-display":"","ast-hfb-above-header-display":"","ast-hfb-below-header-display":"","ast-hfb-mobile-header-display":"","site-post-title":"disabled","ast-breadcrumbs-content":"","ast-featured-img":"disabled","footer-sml-layout":"","ast-disable-related-posts":"","theme-transparent-header-meta":"","adv-header-id-meta":"","stick-header-meta":"","header-above-stick-meta":"","header-main-stick-meta":"","header-below-stick-meta":"","astra-migrate-meta-layouts":"default","ast-page-background-enabled":"default","ast-page-background-meta":{"desktop":{"background-color":"var(--ast-global-color-4)","background-image":"","background-repeat":"repeat","background-position":"center center","background-size":"auto","background-attachment":"scroll","background-type":"","background-media":"","overlay-type":"","overlay-color":"","overlay-opacity":"","overlay-gradient":""},"tablet":{"background-color":"","background-image":"","background-repeat":"repeat","background-position":"center center","background-size":"auto","background-attachment":"scroll","background-type":"","background-media":"","overlay-type":"","overlay-color":"","overlay-opacity":"","overlay-gradient":""},"mobile":{"background-color":"","background-image":"","background-repeat":"repeat","background-position":"center center","background-size":"auto","background-attachment":"scroll","background-type":"","background-media":"","overlay-type":"","overlay-color":"","overlay-opacity":"","overlay-gradient":""}},"ast-content-background-meta":{"desktop":{"background-color":"var(--ast-global-color-5)","background-image":"","background-repeat":"repeat","background-position":"center center","background-size":"auto","background-attachment":"scroll","background-type":"","background-media":"","overlay-type":"","overlay-color":"","overlay-opacity":"","overlay-gradient":""},"tablet":{"background-color":"var(--ast-global-color-5)","background-image":"","background-repeat":"repeat","background-position":"center center","background-size":"auto","background-attachment":"scroll","background-type":"","background-media":"","overlay-type":"","overlay-color":"","overlay-opacity":"","overlay-gradient":""},"mobile":{"background-color":"var(--ast-global-color-5)","background-image":"","background-repeat":"repeat","background-position":"center center","background-size":"auto","background-attachment":"scroll","background-type":"","background-media":"","overlay-type":"","overlay-color":"","overlay-opacity":"","overlay-gradient":""}},"footnotes":""},"class_list":["post-4406","page","type-page","status-publish","hentry"],"yoast_head":"<!-- This site is optimized with the Yoast SEO plugin v27.3 - https:\/\/yoast.com\/product\/yoast-seo-wordpress\/ -->\n<title>Informativa sui cookie - 3Ways<\/title>\n<meta name=\"robots\" content=\"index, follow, max-snippet:-1, max-image-preview:large, max-video-preview:-1\" \/>\n<link rel=\"canonical\" href=\"https:\/\/3ways.com\/it\/informativa-sui-cookie\/\" \/>\n<meta property=\"og:locale\" content=\"it_IT\" \/>\n<meta property=\"og:type\" content=\"article\" \/>\n<meta property=\"og:title\" content=\"Informativa sui cookie - 3Ways\" \/>\n<meta property=\"og:description\" content=\"Informativa estesa sull&#8217;uso dei cookie Il presente sito web utilizza cookie tecnici per garantire il corretto funzionamento delle procedure e migliorare l&#8217;esperienza di uso delle applicazioni online. Il presente documento fornisce informazioni sull&#8217;uso dei cookie e di tecnologie similari, su come sono utilizzati dal sito e su come gestirli. DefinizioniI cookie sono piccoli file di [&hellip;]\" \/>\n<meta property=\"og:url\" content=\"https:\/\/3ways.com\/it\/informativa-sui-cookie\/\" \/>\n<meta property=\"og:site_name\" content=\"3Ways\" \/>\n<meta property=\"article:modified_time\" content=\"2025-07-18T14:26:36+00:00\" \/>\n<meta name=\"twitter:card\" content=\"summary_large_image\" \/>\n<meta name=\"twitter:label1\" content=\"Tempo di lettura stimato\" \/>\n\t<meta name=\"twitter:data1\" content=\"5 minuti\" \/>\n<script type=\"application\/ld+json\" class=\"yoast-schema-graph\">{\"@context\":\"https:\\\/\\\/schema.org\",\"@graph\":[{\"@type\":\"WebPage\",\"@id\":\"https:\\\/\\\/3ways.com\\\/it\\\/informativa-sui-cookie\\\/\",\"url\":\"https:\\\/\\\/3ways.com\\\/it\\\/informativa-sui-cookie\\\/\",\"name\":\"Informativa sui cookie - 3Ways\",\"isPartOf\":{\"@id\":\"https:\\\/\\\/3ways.com\\\/#website\"},\"datePublished\":\"2025-06-04T13:15:26+00:00\",\"dateModified\":\"2025-07-18T14:26:36+00:00\",\"breadcrumb\":{\"@id\":\"https:\\\/\\\/3ways.com\\\/it\\\/informativa-sui-cookie\\\/#breadcrumb\"},\"inLanguage\":\"it-IT\",\"potentialAction\":[{\"@type\":\"ReadAction\",\"target\":[\"https:\\\/\\\/3ways.com\\\/it\\\/informativa-sui-cookie\\\/\"]}]},{\"@type\":\"BreadcrumbList\",\"@id\":\"https:\\\/\\\/3ways.com\\\/it\\\/informativa-sui-cookie\\\/#breadcrumb\",\"itemListElement\":[{\"@type\":\"ListItem\",\"position\":1,\"name\":\"Home\",\"item\":\"https:\\\/\\\/3ways.com\\\/it\\\/\"},{\"@type\":\"ListItem\",\"position\":2,\"name\":\"Informativa sui cookie\"}]},{\"@type\":\"WebSite\",\"@id\":\"https:\\\/\\\/3ways.com\\\/#website\",\"url\":\"https:\\\/\\\/3ways.com\\\/\",\"name\":\"3Ways\",\"description\":\"\",\"publisher\":{\"@id\":\"https:\\\/\\\/3ways.com\\\/#organization\"},\"potentialAction\":[{\"@type\":\"SearchAction\",\"target\":{\"@type\":\"EntryPoint\",\"urlTemplate\":\"https:\\\/\\\/3ways.com\\\/?s={search_term_string}\"},\"query-input\":{\"@type\":\"PropertyValueSpecification\",\"valueRequired\":true,\"valueName\":\"search_term_string\"}}],\"inLanguage\":\"it-IT\"},{\"@type\":\"Organization\",\"@id\":\"https:\\\/\\\/3ways.com\\\/#organization\",\"name\":\"3Ways\",\"url\":\"https:\\\/\\\/3ways.com\\\/\",\"logo\":{\"@type\":\"ImageObject\",\"inLanguage\":\"it-IT\",\"@id\":\"https:\\\/\\\/3ways.com\\\/#\\\/schema\\\/logo\\\/image\\\/\",\"url\":\"https:\\\/\\\/3ways.com\\\/wp-content\\\/uploads\\\/2025\\\/05\\\/Logo-3ways.png\",\"contentUrl\":\"https:\\\/\\\/3ways.com\\\/wp-content\\\/uploads\\\/2025\\\/05\\\/Logo-3ways.png\",\"width\":584,\"height\":213,\"caption\":\"3Ways\"},\"image\":{\"@id\":\"https:\\\/\\\/3ways.com\\\/#\\\/schema\\\/logo\\\/image\\\/\"},\"sameAs\":[\"https:\\\/\\\/www.linkedin.com\\\/company\\\/3ways\\\/\"]}]}<\/script>\n<!-- \/ Yoast SEO plugin. -->","yoast_head_json":{"title":"Informativa sui cookie - 3Ways","robots":{"index":"index","follow":"follow","max-snippet":"max-snippet:-1","max-image-preview":"max-image-preview:large","max-video-preview":"max-video-preview:-1"},"canonical":"https:\/\/3ways.com\/it\/informativa-sui-cookie\/","og_locale":"it_IT","og_type":"article","og_title":"Informativa sui cookie - 3Ways","og_description":"Informativa estesa sull&#8217;uso dei cookie Il presente sito web utilizza cookie tecnici per garantire il corretto funzionamento delle procedure e migliorare l&#8217;esperienza di uso delle applicazioni online. Il presente documento fornisce informazioni sull&#8217;uso dei cookie e di tecnologie similari, su come sono utilizzati dal sito e su come gestirli. DefinizioniI cookie sono piccoli file di [&hellip;]","og_url":"https:\/\/3ways.com\/it\/informativa-sui-cookie\/","og_site_name":"3Ways","article_modified_time":"2025-07-18T14:26:36+00:00","twitter_card":"summary_large_image","twitter_misc":{"Tempo di lettura stimato":"5 minuti"},"schema":{"@context":"https:\/\/schema.org","@graph":[{"@type":"WebPage","@id":"https:\/\/3ways.com\/it\/informativa-sui-cookie\/","url":"https:\/\/3ways.com\/it\/informativa-sui-cookie\/","name":"Informativa sui cookie - 3Ways","isPartOf":{"@id":"https:\/\/3ways.com\/#website"},"datePublished":"2025-06-04T13:15:26+00:00","dateModified":"2025-07-18T14:26:36+00:00","breadcrumb":{"@id":"https:\/\/3ways.com\/it\/informativa-sui-cookie\/#breadcrumb"},"inLanguage":"it-IT","potentialAction":[{"@type":"ReadAction","target":["https:\/\/3ways.com\/it\/informativa-sui-cookie\/"]}]},{"@type":"BreadcrumbList","@id":"https:\/\/3ways.com\/it\/informativa-sui-cookie\/#breadcrumb","itemListElement":[{"@type":"ListItem","position":1,"name":"Home","item":"https:\/\/3ways.com\/it\/"},{"@type":"ListItem","position":2,"name":"Informativa sui cookie"}]},{"@type":"WebSite","@id":"https:\/\/3ways.com\/#website","url":"https:\/\/3ways.com\/","name":"3Ways","description":"","publisher":{"@id":"https:\/\/3ways.com\/#organization"},"potentialAction":[{"@type":"SearchAction","target":{"@type":"EntryPoint","urlTemplate":"https:\/\/3ways.com\/?s={search_term_string}"},"query-input":{"@type":"PropertyValueSpecification","valueRequired":true,"valueName":"search_term_string"}}],"inLanguage":"it-IT"},{"@type":"Organization","@id":"https:\/\/3ways.com\/#organization","name":"3Ways","url":"https:\/\/3ways.com\/","logo":{"@type":"ImageObject","inLanguage":"it-IT","@id":"https:\/\/3ways.com\/#\/schema\/logo\/image\/","url":"https:\/\/3ways.com\/wp-content\/uploads\/2025\/05\/Logo-3ways.png","contentUrl":"https:\/\/3ways.com\/wp-content\/uploads\/2025\/05\/Logo-3ways.png","width":584,"height":213,"caption":"3Ways"},"image":{"@id":"https:\/\/3ways.com\/#\/schema\/logo\/image\/"},"sameAs":["https:\/\/www.linkedin.com\/company\/3ways\/"]}]}},"uagb_featured_image_src":{"full":false,"thumbnail":false,"medium":false,"medium_large":false,"large":false,"1536x1536":false,"2048x2048":false},"uagb_author_info":{"display_name":"admin","author_link":"https:\/\/3ways.com\/it\/author\/jungleteamsrl_5o1jrntu\/"},"uagb_comment_info":0,"uagb_excerpt":"Informativa estesa sull&#8217;uso dei cookie Il presente sito web utilizza cookie tecnici per garantire il corretto funzionamento delle procedure e migliorare l&#8217;esperienza di uso delle applicazioni online. Il presente documento fornisce informazioni sull&#8217;uso dei cookie e di tecnologie similari, su come sono utilizzati dal sito e su come gestirli. DefinizioniI cookie sono piccoli file di&hellip;","_links":{"self":[{"href":"https:\/\/3ways.com\/it\/wp-json\/wp\/v2\/pages\/4406","targetHints":{"allow":["GET"]}}],"collection":[{"href":"https:\/\/3ways.com\/it\/wp-json\/wp\/v2\/pages"}],"about":[{"href":"https:\/\/3ways.com\/it\/wp-json\/wp\/v2\/types\/page"}],"author":[{"embeddable":true,"href":"https:\/\/3ways.com\/it\/wp-json\/wp\/v2\/users\/1"}],"replies":[{"embeddable":true,"href":"https:\/\/3ways.com\/it\/wp-json\/wp\/v2\/comments?post=4406"}],"version-history":[{"count":7,"href":"https:\/\/3ways.com\/it\/wp-json\/wp\/v2\/pages\/4406\/revisions"}],"predecessor-version":[{"id":4510,"href":"https:\/\/3ways.com\/it\/wp-json\/wp\/v2\/pages\/4406\/revisions\/4510"}],"wp:attachment":[{"href":"https:\/\/3ways.com\/it\/wp-json\/wp\/v2\/media?parent=4406"}],"curies":[{"name":"wp","href":"https:\/\/api.w.org\/{rel}","templated":true}]}}