{"id":4401,"date":"2025-06-04T09:36:11","date_gmt":"2025-06-04T09:36:11","guid":{"rendered":"https:\/\/3ways.com\/informativa-sulla-privacy\/"},"modified":"2025-07-18T14:30:15","modified_gmt":"2025-07-18T14:30:15","slug":"informativa-sulla-privacy","status":"publish","type":"page","link":"https:\/\/3ways.com\/it\/informativa-sulla-privacy\/","title":{"rendered":"Informativa sulla privacy"},"content":{"rendered":"\t\t<div data-elementor-type=\"wp-page\" data-elementor-id=\"4401\" class=\"elementor elementor-4401 elementor-3555\" data-elementor-post-type=\"page\">\n\t\t\t\t<main class=\"elementor-element elementor-element-47edab2 e-flex e-con-boxed e-con e-parent\" data-id=\"47edab2\" data-element_type=\"container\" data-e-type=\"container\">\n\t\t\t\t\t<div class=\"e-con-inner\">\n\t\t\t\t<div class=\"elementor-element elementor-element-54f9ec6 elementor-widget elementor-widget-text-editor\" data-id=\"54f9ec6\" data-element_type=\"widget\" data-e-type=\"widget\" data-widget_type=\"text-editor.default\">\n\t\t\t\t<div class=\"elementor-widget-container\">\n\t\t\t\t\t\t\t\t\t<p><em>Il Trattamento dei Dati Personali<\/em><\/p>\n<p>3ways srl (in seguito anche solo&nbsp;<strong>&#8220;3ways&#8221;<\/strong>) in qualit\u00e0 di Titolare del Trattamento dei Dati Personali, Vi informa che &nbsp;&nbsp;il sito \u00e8 un sito \u2013 vetrina e che soltanto per l\u2019invio spontaneo di curricula vitae et studiorum \u00e8 richiesto il conferimento Dati Personali che saranno oggetto di trattamento nel pieno rispetto del Regolamento Europeo 2016\/679 (di seguito&nbsp;<strong>&#8220;GDPR&#8221;<\/strong>), del Codice Privacy (d.lgs. 196\/2003 e ss.mm.ii.), dei provvedimenti del Garante Privacy e della normativa in materia.<\/p>\n<p>Ai sensi delle predette normative tali trattamenti saranno improntati ai principi di correttezza, liceit\u00e0 e trasparenza, tutelando la riservatezza ed i diritti dell&#8217;Interessato.<\/p>\n<p><em>Modifiche a questa Informativa<\/em><\/p>\n<p>3ways srl si riserva il diritto di apportare modifiche alla presente informativa in qualunque momento, dandone indicazione all&#8217;Interessato anche sulle specifiche pagine web nella sezione \u201cPrivacy Policy\u201d: Vi preghiamo quindi di consultare spesso la sezione, prendendo come riferimento la data di ultima modifica indicata in fondo al testo.<\/p>\n<p>Nel caso di mancata accettazione delle modifiche apportate alla presente Informativa, l\u2019Interessato potr\u00e0 esercitare i propri diritti utilizzando l\u2019apposita funzione nell\u2019area riservata oppure facendone richiesta direttamente al Titolare del trattamento, come indicato alla voce \u201cI diritti degli Interessati\u201d.<\/p>\n<p>Salvo quando diversamente specificato, la precedente Informativa continuer\u00e0 ad applicarsi ai Dati Personali sino a quel momento trattati.<\/p>\n<p><em>Il Titolare, il Responsabile della Protezione Dati ed i Responsabili del trattamento<\/em><\/p>\n<p>Titolare del trattamento \u00e8 3ways srl con sede in Roma, via Firenze n.47\/a,&nbsp; P.IVA \/CF 12322621009.<\/p>\n<p>3ways srl ha nominato un Responsabile per la Protezione dei Dati o Data Protection Officer (DPO) che pu\u00f2 essere contattato all&#8217;indirizzo mail&nbsp;<a href=\"mailto:danivota@yahoo.it\">danivota@yahoo.it<\/a>.<\/p>\n<p>L\u2019elenco completo dei Responsabili del trattamento dei Dati Personali \u00e8 disponibile previa richiesta scritta al Titolare del trattamento.<\/p>\n<p><em>Le Finalit\u00e0 del trattamento e la base giuridica.<\/em><\/p>\n<p>I Dati Personali trattati sono quelli conferiti direttamente dall&#8217;Interessato, ovvero quelli acquisiti automaticamente durante la navigazione (di seguito,&nbsp;<strong>&#8220;Dati Personali&#8221;<\/strong>):<\/p>\n<ul>\n<li><strong>Invio spontaneo curriculum attraverso il sito web<\/strong><\/li>\n<li><strong>Invio spontaneo richiesta di contatto attraverso il form Let\u2019s talk <\/strong><\/li>\n<\/ul>\n<p><strong>Base giuridica del trattamento<\/strong>: articolo 6 comma 1, lettera f) del GDPR: legittimo interesse del Titolare del trattamento nella selezione del personale e risposta alla richiesta di contatto<\/p>\n<p><strong>&nbsp;<\/strong><\/p>\n<p><em>Le Modalit\u00e0 del trattamento e la sua sicurezza.<\/em><\/p>\n<p>Per trattamento dei dati si intende \u201cqualsiasi operazione o complesso di operazioni, svolti con o senza ausilio di mezzi elettronici o comunque automatizzati, riguardanti la raccolta, la registrazione, l&#8217;organizzazione, la conservazione, l&#8217;elaborazione, la modificazione, l&#8217;estrazione, il raffronto, l&#8217;utilizzo, la comunicazione, la diffusione, l&#8217;interconnessione, il blocco, la cancellazione, la distruzione e la selezione dei dati stessi\u201d.<\/p>\n<p>I Dati Personali saranno trattati in forma prevalentemente automatizzata ma anche cartacea, con logiche strettamente correlate alle finalit\u00e0 dichiarate, a titolo esemplificativo mediante:<\/p>\n<p>&#8211; Data Base informatici;<br>&#8211; Piattaforme elettroniche gestite da 3ways srl o da terzi nominati Responsabili del trattamento;<br>&#8211; Sistemi integrati di natura informatica;<br>&#8211; Siti web in titolarit\u00e0 o in uso a 3ways srl<\/p>\n<p>Il Titolare ha adottato idonee misure di sicurezza per proteggere l&#8217;Interessato contro il rischio di perdita, abuso o alterazione dei Dati Personali. 3ways srl ed i suoi fornitori si impegnano a mantenere ed incrementare le misure di sicurezza fisiche, elettroniche e procedurali poste a protezione dei Dati Personali, in conformit\u00e0 ai requisiti imposti dalla normativa nazionale ed europea.<\/p>\n<p><em>La Durata del trattamento.<\/em><\/p>\n<p>I dati conferiti sono conservati per il tempo necessario ad adempiere alle specifiche finalit\u00e0 sopra indicate, in conformit\u00e0 al principio di minimizzazione dei trattamenti, e precisamente 6 mesi.<\/p>\n<p>Decorsi i termini di conservazione sopra indicati, i dati personali saranno distrutti o resi anonimi, compatibilmente con le procedure tecniche di cancellazione e backup.<\/p>\n<p>I dati contenuti nel form Let\u2019s talk saranno conservati esclusivamente per ricontattare l\u2019interessato e, in assenza di prosieguo commerciale, distrutti.<\/p>\n<p><em>Il Luogo del trattamento ed i dati di contatto del Titolare del trattamento.<\/em><\/p>\n<p>I Dati Personali sono trattati principalmente presso la sede del Titolare, in &nbsp;Roma, via Firenze n.47\/a e\/o nelle altre sedi dello stesso e\/o nei luoghi in cui si trovano i Responsabili nominati. Per ulteriori informazioni sul trattamento dei Dati Personali, l&#8217;Interessato pu\u00f2 contattare il Titolare scrivendo una mail a&nbsp;<a href=\"mailto:info@3ways.it_\" style=\"background-color: rgb(255, 255, 255);\">info@3ways.it<\/a>.<\/p>\n<p><em>La natura e le modalit\u00e0 del conferimento dei Dati Personali degli Interessati.<\/em><\/p>\n<p>Il conferimento di Dati Personali \u00e8 facoltativo, e, nel caso di invio del cv e della richiesta di contatto, spontaneo&nbsp; e volontario da parte dell\u2019interessato.<\/p>\n<p><em>Le Categorie di Dati Personali trattate e relativo trattamento.<\/em><\/p>\n<p>Il Titolare tratta unicamente Dati Personali c.d. \u201ccomuni\u201d e non richiede in nessun caso il conferimento di dati particolari ai sensi dell\u2019art. 9 GDPR, cos\u00ec come specificato nella informativa ad hoc per l\u2019invio del curriculum e della richiesta di contatto.<\/p>\n<p>Si fa riferimento, in via meramente esemplificativa ma non esaustiva, ai c.d. \u201ccookie\u201d (come meglio di seguito specificato), indirizzi \u201cIP\u201d, nomi di dominio dei computer, utilizzati dall\u2019Interessato che si connettono al Sito, gli indirizzi in notazione \u201cUrl\u201d delle risorse richieste, la posizione geografica.<\/p>\n<p>Il trattamento dei dati viene effettuato manualmente e con l\u2019ausilio di strumenti informatici, da soggetti nominati, istruiti,&nbsp; incaricati al trattamento dei dati, osservando tutte le misure di sicurezza prescritte dalla normativa; il Titolare assicura di aver posto in essere tutte le misure ritenute necessarie e\/ o opportune per mantenere l&#8217;integrit\u00e0 dei dati, per prevenirne la perdita anche accidentale, nonch\u00e9 l&#8217;accesso abusivo.<\/p>\n<p>Non \u00e8 presente un processo decisionale automatizzato n\u00e9 il trattamento di profilazione.<\/p>\n<p><em>Categorie di soggetti che potranno venire a conoscenza dei Dati Personali degli Interessati.<\/em><\/p>\n<p>I Dati Personali potranno essere portati a conoscenza di dipendenti o collaboratori del Titolare che, operando sotto la diretta autorit\u00e0 di quest&#8217;ultimo, hanno ricevuto al riguardo adeguate istruzioni operative.<br>I Dati Personali saranno trattati dal personale dipendente di 3ways, con particolare riferimento alle Aree Sistemi Informativi, HR.<\/p>\n<p>I Dati Personali potranno essere, altres\u00ec, portati a conoscenza di societ\u00e0 terze o altri soggetti che svolgono attivit\u00e0 in outsourcing per conto di 3ways srl, e che &#8211; ove previsto dalla normativa europea in materia di protezione dei Dati Personali &#8211; sono stati debitamente nominati Responsabili del trattamento ai sensi dell\u2019art. 28 del GDPR. Si tratta, a titolo esemplificativo e non esaustivo, di soggetti a cui viene affidata attivit\u00e0 di assistenza e consulenza,&nbsp; fornitori di servizi IT, gestori e\/o sviluppatori di siti web o di applicazioni, gestori delle piattaforme elettroniche.<\/p>\n<p><em>&nbsp;<\/em><\/p>\n<p><em>&nbsp;<\/em><\/p>\n<p><em>Utilizzo dei Cookies.<\/em><\/p>\n<p>Il sito utilizza esclusivamente cookies tecnici<\/p>\n<p><em>Cookies ed altre piattaforme di terze parti<\/em><\/p>\n<p>3ways srl non utilizza altre piattaforme di terze parti<\/p>\n<p><em>Ambito di comunicazione dei Dati Personali degli Interessati.<\/em><\/p>\n<p>I Dati Personali non saranno diffusi a terzi salvo quanto indicato alle sezioni \u201cCategorie di soggetti che potranno venire a conoscenza dei Dati Personali degli Interessati\u201d. I dati personali non saranno diffusi.<\/p>\n<p><em>Trasferimento extra UE dei Dati Personali degli Interessati.<\/em><\/p>\n<p>I Dati Personali non saranno trasferiti in Paesi extra UE , n\u00e9 ad organizzazioni internazionali<\/p>\n<p><em>I diritti dell\u2019Interessato.<\/em><\/p>\n<p>L\u2019Interessato pu\u00f2 in qualsiasi momento esercitare nei confronti del Titolare i diritti riconosciuti dagli articoli 7 e da 15 a 21 del GDPR.<\/p>\n<p>All\u2019Interessato sono riconosciuti:<\/p>\n<ul>\n<li><u>Il diritto di accesso<\/u>: per ottenere la conferma o meno di un trattamento di Dati Personali in corso ed in tal caso di ottenere l\u2019accesso a tali dati e a specifiche informazioni elencate all\u2019art. 15 GDPR (ad es. finalit\u00e0 del trattamento, categorie dei dati in questione, i destinatari a cui i dati saranno comunicati, L&#8217;esistenza di un processo decisionale automatizzato, compresa la profilazione);<\/li>\n<li><u>Il diritto di rettifica<\/u>: per ottenere la rettifica o l\u2019integrazione dei Dati Personali che risultano inesatti o incompleti senza ingiustificato ritardo. In tal caso sorge l\u2019obbligo da parte del Titolare del trattamento di comunicare la rettifica a tutti i destinatari cui sono stati trasmessi i dati, salvo che ci\u00f2 non implichi uno sforzo sproporzionato;<\/li>\n<li><u>Il diritto alla cancellazione<\/u>: per ottenere la cancellazione dei Dati Personali, in presenza di determinati presupposti indicati all\u2019art. 17 GDPR, senza ingiustificato ritardo (ad es. i Dati Personali non sono pi\u00f9 necessari rispetto alle finalit\u00e0 per cui erano stati raccolti o trattati; se \u00e8 intervenuta la revoca il consenso o l\u2019opposizione al trattamento e non sussiste pi\u00f9 alcun motivo legittimo per trattare i Dati Personali, se devono essere cancellati per un obbligo legale). In tal caso sorge l\u2019obbligo da parte del Titolare del trattamento di comunicare la cancellazione a tutti i destinatari cui sono stati trasmessi i dati, salvo che ci\u00f2 non implichi uno sforzo sproporzionato;<\/li>\n<li><u>Il diritto di limitazione del trattamento<\/u>: per ottenere la limitazione del trattamento nel caso in cui ricorra una delle ipotesi dell\u2019articolo 18 GDPR. In caso di limitazione, i Dati Personali saranno trattati, salvo che per la conservazione, soltanto previo consenso o per l\u2019accertamento, l\u2019esercizio dei diritti o la difesa del Titolare o di un terzo o per motivi di interesse pubblico rilevante. In tal caso sorge l\u2019obbligo da parte del Titolare del trattamento di comunicare la limitazione del trattamento a tutti i destinatari cui sono stati trasmessi i dati, salvo che ci\u00f2 non implichi uno sforzo sproporzionato;<\/li>\n<li><u>Il diritto alla portabilit\u00e0 dei dati<\/u>: per ottenere la restituzione dei Dati Personali forniti, in un formato strutturato, di uso comune e leggibile da dispositivo automatico o la trasmissione da un Titolare all\u2019altro senza impedimenti, nei casi previsti dall\u2019art. 20 GDPR;<\/li>\n<li><u>Il diritto di opposizione<\/u>: per opporsi in qualsiasi momento, nei casi indicati all\u2019art. 21 GDPR, al trattamento dei Dati Personali sempre che non sussistano motivi legittimi, che prevalgono sugli interessi, sui diritti e sulle libert\u00e0 dell\u2019Interessato oppure per l\u2019accertamento, l\u2019esercizio o la difesa di un diritto in sede giudiziaria;<\/li>\n<\/ul>\n<p>Inoltre, l\u2019Interessato pu\u00f2 proporre reclamo all\u2019Autorit\u00e0 di Controllo competente, nel caso in cui ritenga siano stati violati propri diritti e libert\u00e0 fondamentali, secondo le modalit\u00e0, ad esempio, indicate alla pagina&nbsp;<a href=\"https:\/\/bps-it.bauligroup.com\/privacy\/www.garanteprivacy.it\">www.garanteprivacy.it<\/a>.<\/p>\n<p>Per l\u2019esercizio dei propri diritti, \u00e8 possibile rivolgersi, via posta, &nbsp;all\u2019indirizzo indicato alla sezione&nbsp;<em>\u201cIl Titolare ed i Responsabili del trattamento\u201d<\/em>&nbsp;o via mail all\u2019indirizzo:&nbsp;<a href=\"mailto:info@3ways.it_\">info@3ways.it<\/a>.<\/p>\t\t\t\t\t\t\t\t<\/div>\n\t\t\t\t<\/div>\n\t\t\t\t\t<\/div>\n\t\t\t\t<\/main>\n\t\t\t\t<\/div>\n\t\t","protected":false},"excerpt":{"rendered":"<p>Il Trattamento dei Dati Personali 3ways srl (in seguito anche solo&nbsp;&#8220;3ways&#8221;) in qualit\u00e0 di Titolare del Trattamento dei Dati Personali, Vi informa che &nbsp;&nbsp;il sito \u00e8 un sito \u2013 vetrina e che soltanto per l\u2019invio spontaneo di curricula vitae et studiorum \u00e8 richiesto il conferimento Dati Personali che saranno oggetto di trattamento nel pieno rispetto [&hellip;]<\/p>\n","protected":false},"author":1,"featured_media":0,"parent":0,"menu_order":0,"comment_status":"closed","ping_status":"closed","template":"","meta":{"_uag_custom_page_level_css":"","site-sidebar-layout":"no-sidebar","site-content-layout":"","ast-site-content-layout":"full-width-container","site-content-style":"default","site-sidebar-style":"default","ast-global-header-display":"","ast-banner-title-visibility":"","ast-main-header-display":"","ast-hfb-above-header-display":"","ast-hfb-below-header-display":"","ast-hfb-mobile-header-display":"","site-post-title":"disabled","ast-breadcrumbs-content":"","ast-featured-img":"disabled","footer-sml-layout":"","ast-disable-related-posts":"","theme-transparent-header-meta":"","adv-header-id-meta":"","stick-header-meta":"","header-above-stick-meta":"","header-main-stick-meta":"","header-below-stick-meta":"","astra-migrate-meta-layouts":"default","ast-page-background-enabled":"default","ast-page-background-meta":{"desktop":{"background-color":"var(--ast-global-color-4)","background-image":"","background-repeat":"repeat","background-position":"center center","background-size":"auto","background-attachment":"scroll","background-type":"","background-media":"","overlay-type":"","overlay-color":"","overlay-opacity":"","overlay-gradient":""},"tablet":{"background-color":"","background-image":"","background-repeat":"repeat","background-position":"center center","background-size":"auto","background-attachment":"scroll","background-type":"","background-media":"","overlay-type":"","overlay-color":"","overlay-opacity":"","overlay-gradient":""},"mobile":{"background-color":"","background-image":"","background-repeat":"repeat","background-position":"center center","background-size":"auto","background-attachment":"scroll","background-type":"","background-media":"","overlay-type":"","overlay-color":"","overlay-opacity":"","overlay-gradient":""}},"ast-content-background-meta":{"desktop":{"background-color":"var(--ast-global-color-5)","background-image":"","background-repeat":"repeat","background-position":"center center","background-size":"auto","background-attachment":"scroll","background-type":"","background-media":"","overlay-type":"","overlay-color":"","overlay-opacity":"","overlay-gradient":""},"tablet":{"background-color":"var(--ast-global-color-5)","background-image":"","background-repeat":"repeat","background-position":"center center","background-size":"auto","background-attachment":"scroll","background-type":"","background-media":"","overlay-type":"","overlay-color":"","overlay-opacity":"","overlay-gradient":""},"mobile":{"background-color":"var(--ast-global-color-5)","background-image":"","background-repeat":"repeat","background-position":"center center","background-size":"auto","background-attachment":"scroll","background-type":"","background-media":"","overlay-type":"","overlay-color":"","overlay-opacity":"","overlay-gradient":""}},"footnotes":""},"class_list":["post-4401","page","type-page","status-publish","hentry"],"yoast_head":"<!-- This site is optimized with the Yoast SEO plugin v27.3 - https:\/\/yoast.com\/product\/yoast-seo-wordpress\/ -->\n<title>Informativa sulla privacy - 3Ways<\/title>\n<meta name=\"robots\" content=\"index, follow, max-snippet:-1, max-image-preview:large, max-video-preview:-1\" \/>\n<link rel=\"canonical\" href=\"https:\/\/3ways.com\/it\/informativa-sulla-privacy\/\" \/>\n<meta property=\"og:locale\" content=\"it_IT\" \/>\n<meta property=\"og:type\" content=\"article\" \/>\n<meta property=\"og:title\" content=\"Informativa sulla privacy - 3Ways\" \/>\n<meta property=\"og:description\" content=\"Il Trattamento dei Dati Personali 3ways srl (in seguito anche solo&nbsp;&#8220;3ways&#8221;) in qualit\u00e0 di Titolare del Trattamento dei Dati Personali, Vi informa che &nbsp;&nbsp;il sito \u00e8 un sito \u2013 vetrina e che soltanto per l\u2019invio spontaneo di curricula vitae et studiorum \u00e8 richiesto il conferimento Dati Personali che saranno oggetto di trattamento nel pieno rispetto [&hellip;]\" \/>\n<meta property=\"og:url\" content=\"https:\/\/3ways.com\/it\/informativa-sulla-privacy\/\" \/>\n<meta property=\"og:site_name\" content=\"3Ways\" \/>\n<meta property=\"article:modified_time\" content=\"2025-07-18T14:30:15+00:00\" \/>\n<meta name=\"twitter:card\" content=\"summary_large_image\" \/>\n<meta name=\"twitter:label1\" content=\"Tempo di lettura stimato\" \/>\n\t<meta name=\"twitter:data1\" content=\"9 minuti\" \/>\n<script type=\"application\/ld+json\" class=\"yoast-schema-graph\">{\"@context\":\"https:\\\/\\\/schema.org\",\"@graph\":[{\"@type\":\"WebPage\",\"@id\":\"https:\\\/\\\/3ways.com\\\/it\\\/informativa-sulla-privacy\\\/\",\"url\":\"https:\\\/\\\/3ways.com\\\/it\\\/informativa-sulla-privacy\\\/\",\"name\":\"Informativa sulla privacy - 3Ways\",\"isPartOf\":{\"@id\":\"https:\\\/\\\/3ways.com\\\/#website\"},\"datePublished\":\"2025-06-04T09:36:11+00:00\",\"dateModified\":\"2025-07-18T14:30:15+00:00\",\"breadcrumb\":{\"@id\":\"https:\\\/\\\/3ways.com\\\/it\\\/informativa-sulla-privacy\\\/#breadcrumb\"},\"inLanguage\":\"it-IT\",\"potentialAction\":[{\"@type\":\"ReadAction\",\"target\":[\"https:\\\/\\\/3ways.com\\\/it\\\/informativa-sulla-privacy\\\/\"]}]},{\"@type\":\"BreadcrumbList\",\"@id\":\"https:\\\/\\\/3ways.com\\\/it\\\/informativa-sulla-privacy\\\/#breadcrumb\",\"itemListElement\":[{\"@type\":\"ListItem\",\"position\":1,\"name\":\"Home\",\"item\":\"https:\\\/\\\/3ways.com\\\/it\\\/\"},{\"@type\":\"ListItem\",\"position\":2,\"name\":\"Informativa sulla privacy\"}]},{\"@type\":\"WebSite\",\"@id\":\"https:\\\/\\\/3ways.com\\\/#website\",\"url\":\"https:\\\/\\\/3ways.com\\\/\",\"name\":\"3Ways\",\"description\":\"\",\"publisher\":{\"@id\":\"https:\\\/\\\/3ways.com\\\/#organization\"},\"potentialAction\":[{\"@type\":\"SearchAction\",\"target\":{\"@type\":\"EntryPoint\",\"urlTemplate\":\"https:\\\/\\\/3ways.com\\\/?s={search_term_string}\"},\"query-input\":{\"@type\":\"PropertyValueSpecification\",\"valueRequired\":true,\"valueName\":\"search_term_string\"}}],\"inLanguage\":\"it-IT\"},{\"@type\":\"Organization\",\"@id\":\"https:\\\/\\\/3ways.com\\\/#organization\",\"name\":\"3Ways\",\"url\":\"https:\\\/\\\/3ways.com\\\/\",\"logo\":{\"@type\":\"ImageObject\",\"inLanguage\":\"it-IT\",\"@id\":\"https:\\\/\\\/3ways.com\\\/#\\\/schema\\\/logo\\\/image\\\/\",\"url\":\"https:\\\/\\\/3ways.com\\\/wp-content\\\/uploads\\\/2025\\\/05\\\/Logo-3ways.png\",\"contentUrl\":\"https:\\\/\\\/3ways.com\\\/wp-content\\\/uploads\\\/2025\\\/05\\\/Logo-3ways.png\",\"width\":584,\"height\":213,\"caption\":\"3Ways\"},\"image\":{\"@id\":\"https:\\\/\\\/3ways.com\\\/#\\\/schema\\\/logo\\\/image\\\/\"},\"sameAs\":[\"https:\\\/\\\/www.linkedin.com\\\/company\\\/3ways\\\/\"]}]}<\/script>\n<!-- \/ Yoast SEO plugin. -->","yoast_head_json":{"title":"Informativa sulla privacy - 3Ways","robots":{"index":"index","follow":"follow","max-snippet":"max-snippet:-1","max-image-preview":"max-image-preview:large","max-video-preview":"max-video-preview:-1"},"canonical":"https:\/\/3ways.com\/it\/informativa-sulla-privacy\/","og_locale":"it_IT","og_type":"article","og_title":"Informativa sulla privacy - 3Ways","og_description":"Il Trattamento dei Dati Personali 3ways srl (in seguito anche solo&nbsp;&#8220;3ways&#8221;) in qualit\u00e0 di Titolare del Trattamento dei Dati Personali, Vi informa che &nbsp;&nbsp;il sito \u00e8 un sito \u2013 vetrina e che soltanto per l\u2019invio spontaneo di curricula vitae et studiorum \u00e8 richiesto il conferimento Dati Personali che saranno oggetto di trattamento nel pieno rispetto [&hellip;]","og_url":"https:\/\/3ways.com\/it\/informativa-sulla-privacy\/","og_site_name":"3Ways","article_modified_time":"2025-07-18T14:30:15+00:00","twitter_card":"summary_large_image","twitter_misc":{"Tempo di lettura stimato":"9 minuti"},"schema":{"@context":"https:\/\/schema.org","@graph":[{"@type":"WebPage","@id":"https:\/\/3ways.com\/it\/informativa-sulla-privacy\/","url":"https:\/\/3ways.com\/it\/informativa-sulla-privacy\/","name":"Informativa sulla privacy - 3Ways","isPartOf":{"@id":"https:\/\/3ways.com\/#website"},"datePublished":"2025-06-04T09:36:11+00:00","dateModified":"2025-07-18T14:30:15+00:00","breadcrumb":{"@id":"https:\/\/3ways.com\/it\/informativa-sulla-privacy\/#breadcrumb"},"inLanguage":"it-IT","potentialAction":[{"@type":"ReadAction","target":["https:\/\/3ways.com\/it\/informativa-sulla-privacy\/"]}]},{"@type":"BreadcrumbList","@id":"https:\/\/3ways.com\/it\/informativa-sulla-privacy\/#breadcrumb","itemListElement":[{"@type":"ListItem","position":1,"name":"Home","item":"https:\/\/3ways.com\/it\/"},{"@type":"ListItem","position":2,"name":"Informativa sulla privacy"}]},{"@type":"WebSite","@id":"https:\/\/3ways.com\/#website","url":"https:\/\/3ways.com\/","name":"3Ways","description":"","publisher":{"@id":"https:\/\/3ways.com\/#organization"},"potentialAction":[{"@type":"SearchAction","target":{"@type":"EntryPoint","urlTemplate":"https:\/\/3ways.com\/?s={search_term_string}"},"query-input":{"@type":"PropertyValueSpecification","valueRequired":true,"valueName":"search_term_string"}}],"inLanguage":"it-IT"},{"@type":"Organization","@id":"https:\/\/3ways.com\/#organization","name":"3Ways","url":"https:\/\/3ways.com\/","logo":{"@type":"ImageObject","inLanguage":"it-IT","@id":"https:\/\/3ways.com\/#\/schema\/logo\/image\/","url":"https:\/\/3ways.com\/wp-content\/uploads\/2025\/05\/Logo-3ways.png","contentUrl":"https:\/\/3ways.com\/wp-content\/uploads\/2025\/05\/Logo-3ways.png","width":584,"height":213,"caption":"3Ways"},"image":{"@id":"https:\/\/3ways.com\/#\/schema\/logo\/image\/"},"sameAs":["https:\/\/www.linkedin.com\/company\/3ways\/"]}]}},"uagb_featured_image_src":{"full":false,"thumbnail":false,"medium":false,"medium_large":false,"large":false,"1536x1536":false,"2048x2048":false},"uagb_author_info":{"display_name":"admin","author_link":"https:\/\/3ways.com\/it\/author\/jungleteamsrl_5o1jrntu\/"},"uagb_comment_info":0,"uagb_excerpt":"Il Trattamento dei Dati Personali 3ways srl (in seguito anche solo&nbsp;&#8220;3ways&#8221;) in qualit\u00e0 di Titolare del Trattamento dei Dati Personali, Vi informa che &nbsp;&nbsp;il sito \u00e8 un sito \u2013 vetrina e che soltanto per l\u2019invio spontaneo di curricula vitae et studiorum \u00e8 richiesto il conferimento Dati Personali che saranno oggetto di trattamento nel pieno rispetto&hellip;","_links":{"self":[{"href":"https:\/\/3ways.com\/it\/wp-json\/wp\/v2\/pages\/4401","targetHints":{"allow":["GET"]}}],"collection":[{"href":"https:\/\/3ways.com\/it\/wp-json\/wp\/v2\/pages"}],"about":[{"href":"https:\/\/3ways.com\/it\/wp-json\/wp\/v2\/types\/page"}],"author":[{"embeddable":true,"href":"https:\/\/3ways.com\/it\/wp-json\/wp\/v2\/users\/1"}],"replies":[{"embeddable":true,"href":"https:\/\/3ways.com\/it\/wp-json\/wp\/v2\/comments?post=4401"}],"version-history":[{"count":13,"href":"https:\/\/3ways.com\/it\/wp-json\/wp\/v2\/pages\/4401\/revisions"}],"predecessor-version":[{"id":4519,"href":"https:\/\/3ways.com\/it\/wp-json\/wp\/v2\/pages\/4401\/revisions\/4519"}],"wp:attachment":[{"href":"https:\/\/3ways.com\/it\/wp-json\/wp\/v2\/media?parent=4401"}],"curies":[{"name":"wp","href":"https:\/\/api.w.org\/{rel}","templated":true}]}}